{"id":2967,"date":"2024-04-23T14:31:15","date_gmt":"2024-04-23T12:31:15","guid":{"rendered":"http:\/\/web.lizardibaserria.com\/politica-de-cookies\/"},"modified":"2024-04-25T16:46:11","modified_gmt":"2024-04-25T14:46:11","slug":"politica-de-cookies","status":"publish","type":"page","link":"https:\/\/lizardibaserria.com\/es\/politica-de-cookies\/","title":{"rendered":"Pol\u00edtica de cookies"},"content":{"rendered":"<p>[et_pb_section fb_built=\u00bb1&#8243; admin_label=\u00bbsection\u00bb module_class=\u00bblegal\u00bb _builder_version=\u00bb4.24.3&#8243; hover_enabled=\u00bb0&#8243; collapsed=\u00bboff\u00bb global_colors_info=\u00bb{}\u00bb sticky_enabled=\u00bb0&#8243;][et_pb_row admin_label=\u00bbrow\u00bb _builder_version=\u00bb4.16&#8243; background_size=\u00bbinitial\u00bb background_position=\u00bbtop_left\u00bb background_repeat=\u00bbrepeat\u00bb global_colors_info=\u00bb{}\u00bb][et_pb_column type=\u00bb4_4&#8243; _builder_version=\u00bb4.16&#8243; custom_padding=\u00bb|||\u00bb global_colors_info=\u00bb{}\u00bb custom_padding__hover=\u00bb|||\u00bb][et_pb_text _builder_version=\u00bb4.24.3&#8243; _module_preset=\u00bbdefault\u00bb global_colors_info=\u00bb{}\u00bb]<\/p>\n<h2 class=\"m-auto\">POL\u00cdTICA DE COOKIES<\/h2>\n<h4><span class=\"blanc-space ng-binding\">lizardibaserria.com<\/span><\/h4>\n<p>El acceso a este sitio web puede suponer el uso de cookies. Cookies son peque\u00f1as cantidades de informaci\u00f3n que se almacenan en el navegador que cada usuario utiliza -los dispositivos de navegaci\u00f3n que puede utilizar para que el servidor recuerde determinadas informaciones que luego s\u00f3lo leer\u00e1 el servidor que ha implementado. Las cookies facilitan la navegaci\u00f3n, facilitan su manejo y no da\u00f1an el dispositivo de navegaci\u00f3n.<\/p>\n<p>Las Cookies son procedimientos autom\u00e1ticos de recogida de informaci\u00f3n relacionados con las preferencias que el Usuario define en su visita al Sitio Web para reconocerlas como Usuario y personalizar la experiencia y uso del Sitio Web, as\u00ed como, por ejemplo, ay\u00fadanos a identificar y reparar errores.<\/p>\n<p>La informaci\u00f3n recogida mediante cookies puede contener la fecha y hora de la visita al Sitio Web, las p\u00e1ginas visitadas, el tiempo dedicado al Sitio Web y los sitios visitados antes y despu\u00e9s del Sitio Web. Sin embargo, cookie no acepta ponerse en contacto con el n\u00famero de tel\u00e9fono del Usuario o cualquier otra v\u00eda de contacto personal. Ninguna cookie puede extraer informaci\u00f3n del disco duro del Usuario o robar informaci\u00f3n personal. La \u00fanica forma de que la informaci\u00f3n privada del usuario forme parte del fichero Cookie es que el usuario facilite dicha informaci\u00f3n personalmente al servidor.<\/p>\n<p>Las cookies que permiten identificar a una persona se consideran datos personales. Por tanto, les ser\u00e1 de aplicaci\u00f3n la Pol\u00edtica de Privacidad anteriormente descrita. En este sentido, ser\u00e1 necesaria la autorizaci\u00f3n del Usuario para su utilizaci\u00f3n. Dicho consentimiento, en base a una opci\u00f3n real, se otorgar\u00e1 mediante una decisi\u00f3n favorable, previa al tratamiento inicial, deducible y documentado.<\/p>\n<div ng-show=\"hasPersonalCookies == 'S\u00ed'\" class=\"ng-hide\">\n<h4>Cookies propias<\/h4>\n<p>Son cookies que se env\u00edan al ordenador o dispositivo del usuario y que son gestionadas exclusivamente por el caser\u00edo <span class=\"blanc-space ng-binding\">Lizardibaserri<\/span> con el fin de conseguir el mejor funcionamiento del Sitio Web. La informaci\u00f3n recopilada se utiliza para mejorar la calidad de la Web y sus Contenidos y su experiencia como Usuario. Gracias a estas cookies, el Usuario se percibe de forma reiterada como visitante de la Web y nos permite adecuar su contenido para ofrecerle un contenido que se adapte a sus preferencias.<\/p>\n<\/div>\n<div class=\"thirdCookies\" ng-show=\"hasThirdCookies == 'S\u00ed'\">\n<h4>Cookies de terceros<\/h4>\n<p>Son las cookies utilizadas y gestionadas por entidades externas que ofrecen los servicios de <span class=\"blanc-space ng-binding\">Lizardibaserri<\/span> solicitados por la misma para mejorar la Web y la experiencia del usuario. Los principales objetivos que se utilizan son la obtenci\u00f3n de estad\u00edsticas de acceso y el an\u00e1lisis de la informaci\u00f3n de navegaci\u00f3n, es decir, la interacci\u00f3n del Usuario con el Sitio Web.<\/p>\n<p>Las informaciones obtenidas se refieren, por ejemplo, al n\u00famero de p\u00e1ginas visitadas, al idioma, a la direcci\u00f3n IP a la que accede el Usuario, al n\u00famero de Usuarios que accede, a la frecuencia de visitas y a la repetici\u00f3n. la hora de la visita, el explorador que utilizan, el operador que realiza la visita o el tipo de dispositivo. Esta informaci\u00f3n se utiliza para mejorar el Sitio Web y detectar nuevas necesidades para ofrecer un contenido y\/o servicio de buena calidad a los Usuarios. En cualquier caso, la informaci\u00f3n se recoge de forma an\u00f3nima y se elaboran los informes de tendencia de la web sin identificar a los usuarios individuales.<\/p>\n<p>Puede obtener m\u00e1s informaci\u00f3n sobre las cookies, informaci\u00f3n sobre privacidad, descripci\u00f3n del tipo de cookies utilizadas, caracter\u00edsticas principales de las mismas, plazo de caducidad, etc. en el siguiente enlace:<\/p>\n<pre><span class=\"blanc-space\">\n<p class=\"text-wrap ng-binding\">\nGoogle Analytics: https:\/\/developers.google.com\/analytics\/<\/p>\n<\/span><\/pre>\n<p>La entidad encargada de la entrega de las cookies podr\u00e1 ceder esta informaci\u00f3n a terceros, siempre que as\u00ed lo exija la ley o cuando un tercero procese dicha informaci\u00f3n para dichas entidades.<\/p>\n<\/div>\n<div ng-show=\"hasSocial == 'S\u00ed'\" class=\"ng-hide\">\n<h4>Cookies de redes sociales<\/h4>\n<p><span class=\"blanc-space ng-binding\">Lizardibaserria<\/span> incluye plugins de redes sociales que permiten acceder a ellas desde la Web. Por ello, las cookies de redes sociales pueden almacenarse en el Explorador de Usuarios. Los propietarios de estas redes sociales disponen de la protecci\u00f3n de sus datos y de pol\u00edticas de cookies, siendo en cada caso ellos los responsables de sus ficheros y pr\u00e1cticas de privacidad. El usuario deber\u00e1 dirigirse a ellos para conocer estas cookies y, en su caso, el tratamiento de sus datos personales. S\u00f3lo para fines de informaci\u00f3n, los enlaces a los que puede consultar las siguientes pol\u00edticas de privacidad y\/o cookies se indican a continuaci\u00f3n:<\/p>\n<ul>\n<li>Facebook: <a class=\"text-info\" href=\"https:\/\/www.facebook.com\/policies\/cookies\/\">https:\/\/www.facebook.com\/policies\/cookies\/<\/a><\/li>\n<li>Twitter: <a class=\"text-info\" href=\"https:\/\/twitter.com\/es\/privacy\">https:\/\/twitter.com\/es\/privacy<\/a><\/li>\n<li>Instagram: <a class=\"text-info\" href=\"https:\/\/help.instagram.com\/1896641480634370?ref=ig\">https:\/\/help.instagram.com\/1896641480634370?ref=ig<\/a><\/li>\n<li>YouTube: <a class=\"text-info\" href=\"https:\/\/policies.google.com\/privacy?hl=es-419&amp;gl=mx\">https:\/\/policies.google.com\/ pribatutasuna?hl=es-419&amp;gl=mx<\/a><\/li>\n<li>Pinterest: <a class=\"text-info\" href=\"https:\/\/policy.pinterest.com\/es\/privacy-policy\">https:\/\/policy.pinterest.com\/es\/privacy-policy<\/a><\/li>\n<li>LinkedIn: <a class=\"text-info\" href=\"https:\/\/www.linkedin.com\/legal\/cookie-policy?trk=hp-cookies\">https:\/\/www.linkedin.com\/ legal\/cookie-policy?trk=hp-cookies<\/a><\/li>\n<\/ul>\n<\/div>\n<h4>Deshabilitar, rechazar y eliminar cookies<\/h4>\n<p>El usuario puede desactivar, rechazar y eliminar, total o parcialmente, las cookies instaladas en su dispositivo mediante los ajustes de su navegador (por ejemplo, Chrome, Firefox, Safari, Explorer). En este sentido, los procedimientos de rechazo y eliminaci\u00f3n de cookies pueden variar de un navegador de Internet a otro. En consecuencia, el Usuario deber\u00e1 seguir las instrucciones del navegador de Internet que est\u00e9 utilizando. Si rechaza el uso de cookies, total o parcialmente, puede seguir utilizando el Sitio Web, aunque algunas de sus diligencias sean limitadas.<\/p>\n<p>[\/et_pb_text][\/et_pb_column][\/et_pb_row][\/et_pb_section]<\/p>\n","protected":false},"excerpt":{"rendered":"<p>POL\u00cdTICA DE COOKIES lizardibaserria.com El acceso a este sitio web puede suponer el uso de cookies. Cookies son peque\u00f1as cantidades de informaci\u00f3n que se almacenan en el navegador que cada usuario utiliza -los dispositivos de navegaci\u00f3n que puede utilizar para que el servidor recuerde determinadas informaciones que luego s\u00f3lo leer\u00e1 el servidor que ha implementado. [&hellip;]<\/p>\n","protected":false},"author":1,"featured_media":0,"parent":0,"menu_order":21,"comment_status":"closed","ping_status":"closed","template":"","meta":{"_et_pb_use_builder":"on","_et_pb_old_content":"","_et_gb_content_width":"","footnotes":""},"class_list":["post-2967","page","type-page","status-publish","hentry"],"yoast_head":"<!-- This site is optimized with the Yoast SEO plugin v26.2 - https:\/\/yoast.com\/wordpress\/plugins\/seo\/ -->\n<title>Pol\u00edtica de cookies - Lizardi Basseria<\/title>\n<meta name=\"robots\" content=\"index, follow, max-snippet:-1, max-image-preview:large, max-video-preview:-1\" \/>\n<link rel=\"canonical\" href=\"https:\/\/lizardibaserria.com\/es\/politica-de-cookies\/\" \/>\n<meta property=\"og:locale\" content=\"es_ES\" \/>\n<meta property=\"og:type\" content=\"article\" \/>\n<meta property=\"og:title\" content=\"Pol\u00edtica de cookies - Lizardi Basseria\" \/>\n<meta property=\"og:description\" content=\"POL\u00cdTICA DE COOKIES lizardibaserria.com El acceso a este sitio web puede suponer el uso de cookies. Cookies son peque\u00f1as cantidades de informaci\u00f3n que se almacenan en el navegador que cada usuario utiliza -los dispositivos de navegaci\u00f3n que puede utilizar para que el servidor recuerde determinadas informaciones que luego s\u00f3lo leer\u00e1 el servidor que ha implementado. [&hellip;]\" \/>\n<meta property=\"og:url\" content=\"https:\/\/lizardibaserria.com\/es\/politica-de-cookies\/\" \/>\n<meta property=\"og:site_name\" content=\"Lizardi Basseria\" \/>\n<meta property=\"article:publisher\" content=\"https:\/\/www.facebook.com\/profile.php?id=100079817374176\" \/>\n<meta property=\"article:modified_time\" content=\"2024-04-25T14:46:11+00:00\" \/>\n<meta name=\"twitter:card\" content=\"summary_large_image\" \/>\n<meta name=\"twitter:label1\" content=\"Tiempo de lectura\" \/>\n\t<meta name=\"twitter:data1\" content=\"5 minutos\" \/>\n<script type=\"application\/ld+json\" class=\"yoast-schema-graph\">{\"@context\":\"https:\/\/schema.org\",\"@graph\":[{\"@type\":\"WebPage\",\"@id\":\"https:\/\/lizardibaserria.com\/es\/politica-de-cookies\/\",\"url\":\"https:\/\/lizardibaserria.com\/es\/politica-de-cookies\/\",\"name\":\"Pol\u00edtica de cookies - Lizardi Basseria\",\"isPartOf\":{\"@id\":\"https:\/\/lizardibaserria.com\/es\/#website\"},\"datePublished\":\"2024-04-23T12:31:15+00:00\",\"dateModified\":\"2024-04-25T14:46:11+00:00\",\"breadcrumb\":{\"@id\":\"https:\/\/lizardibaserria.com\/es\/politica-de-cookies\/#breadcrumb\"},\"inLanguage\":\"es\",\"potentialAction\":[{\"@type\":\"ReadAction\",\"target\":[\"https:\/\/lizardibaserria.com\/es\/politica-de-cookies\/\"]}]},{\"@type\":\"BreadcrumbList\",\"@id\":\"https:\/\/lizardibaserria.com\/es\/politica-de-cookies\/#breadcrumb\",\"itemListElement\":[{\"@type\":\"ListItem\",\"position\":1,\"name\":\"Home\",\"item\":\"https:\/\/lizardibaserria.com\/es\/\"},{\"@type\":\"ListItem\",\"position\":2,\"name\":\"Pol\u00edtica de cookies\"}]},{\"@type\":\"WebSite\",\"@id\":\"https:\/\/lizardibaserria.com\/es\/#website\",\"url\":\"https:\/\/lizardibaserria.com\/es\/\",\"name\":\"Lizardi Basseria\",\"description\":\"Nekazaritza Ekologikoak\",\"publisher\":{\"@id\":\"https:\/\/lizardibaserria.com\/es\/#organization\"},\"potentialAction\":[{\"@type\":\"SearchAction\",\"target\":{\"@type\":\"EntryPoint\",\"urlTemplate\":\"https:\/\/lizardibaserria.com\/es\/?s={search_term_string}\"},\"query-input\":{\"@type\":\"PropertyValueSpecification\",\"valueRequired\":true,\"valueName\":\"search_term_string\"}}],\"inLanguage\":\"es\"},{\"@type\":\"Organization\",\"@id\":\"https:\/\/lizardibaserria.com\/es\/#organization\",\"name\":\"Lizardi Basseria\",\"url\":\"https:\/\/lizardibaserria.com\/es\/\",\"logo\":{\"@type\":\"ImageObject\",\"inLanguage\":\"es\",\"@id\":\"https:\/\/lizardibaserria.com\/es\/#\/schema\/logo\/image\/\",\"url\":\"https:\/\/lizardibaserria.com\/wp-content\/uploads\/2024\/03\/lizardi-baserria-logo-102.png\",\"contentUrl\":\"https:\/\/lizardibaserria.com\/wp-content\/uploads\/2024\/03\/lizardi-baserria-logo-102.png\",\"width\":365,\"height\":106,\"caption\":\"Lizardi Basseria\"},\"image\":{\"@id\":\"https:\/\/lizardibaserria.com\/es\/#\/schema\/logo\/image\/\"},\"sameAs\":[\"https:\/\/www.facebook.com\/profile.php?id=100079817374176\"]}]}<\/script>\n<!-- \/ Yoast SEO plugin. -->","yoast_head_json":{"title":"Pol\u00edtica de cookies - Lizardi Basseria","robots":{"index":"index","follow":"follow","max-snippet":"max-snippet:-1","max-image-preview":"max-image-preview:large","max-video-preview":"max-video-preview:-1"},"canonical":"https:\/\/lizardibaserria.com\/es\/politica-de-cookies\/","og_locale":"es_ES","og_type":"article","og_title":"Pol\u00edtica de cookies - Lizardi Basseria","og_description":"POL\u00cdTICA DE COOKIES lizardibaserria.com El acceso a este sitio web puede suponer el uso de cookies. Cookies son peque\u00f1as cantidades de informaci\u00f3n que se almacenan en el navegador que cada usuario utiliza -los dispositivos de navegaci\u00f3n que puede utilizar para que el servidor recuerde determinadas informaciones que luego s\u00f3lo leer\u00e1 el servidor que ha implementado. [&hellip;]","og_url":"https:\/\/lizardibaserria.com\/es\/politica-de-cookies\/","og_site_name":"Lizardi Basseria","article_publisher":"https:\/\/www.facebook.com\/profile.php?id=100079817374176","article_modified_time":"2024-04-25T14:46:11+00:00","twitter_card":"summary_large_image","twitter_misc":{"Tiempo de lectura":"5 minutos"},"schema":{"@context":"https:\/\/schema.org","@graph":[{"@type":"WebPage","@id":"https:\/\/lizardibaserria.com\/es\/politica-de-cookies\/","url":"https:\/\/lizardibaserria.com\/es\/politica-de-cookies\/","name":"Pol\u00edtica de cookies - Lizardi Basseria","isPartOf":{"@id":"https:\/\/lizardibaserria.com\/es\/#website"},"datePublished":"2024-04-23T12:31:15+00:00","dateModified":"2024-04-25T14:46:11+00:00","breadcrumb":{"@id":"https:\/\/lizardibaserria.com\/es\/politica-de-cookies\/#breadcrumb"},"inLanguage":"es","potentialAction":[{"@type":"ReadAction","target":["https:\/\/lizardibaserria.com\/es\/politica-de-cookies\/"]}]},{"@type":"BreadcrumbList","@id":"https:\/\/lizardibaserria.com\/es\/politica-de-cookies\/#breadcrumb","itemListElement":[{"@type":"ListItem","position":1,"name":"Home","item":"https:\/\/lizardibaserria.com\/es\/"},{"@type":"ListItem","position":2,"name":"Pol\u00edtica de cookies"}]},{"@type":"WebSite","@id":"https:\/\/lizardibaserria.com\/es\/#website","url":"https:\/\/lizardibaserria.com\/es\/","name":"Lizardi Basseria","description":"Nekazaritza Ekologikoak","publisher":{"@id":"https:\/\/lizardibaserria.com\/es\/#organization"},"potentialAction":[{"@type":"SearchAction","target":{"@type":"EntryPoint","urlTemplate":"https:\/\/lizardibaserria.com\/es\/?s={search_term_string}"},"query-input":{"@type":"PropertyValueSpecification","valueRequired":true,"valueName":"search_term_string"}}],"inLanguage":"es"},{"@type":"Organization","@id":"https:\/\/lizardibaserria.com\/es\/#organization","name":"Lizardi Basseria","url":"https:\/\/lizardibaserria.com\/es\/","logo":{"@type":"ImageObject","inLanguage":"es","@id":"https:\/\/lizardibaserria.com\/es\/#\/schema\/logo\/image\/","url":"https:\/\/lizardibaserria.com\/wp-content\/uploads\/2024\/03\/lizardi-baserria-logo-102.png","contentUrl":"https:\/\/lizardibaserria.com\/wp-content\/uploads\/2024\/03\/lizardi-baserria-logo-102.png","width":365,"height":106,"caption":"Lizardi Basseria"},"image":{"@id":"https:\/\/lizardibaserria.com\/es\/#\/schema\/logo\/image\/"},"sameAs":["https:\/\/www.facebook.com\/profile.php?id=100079817374176"]}]}},"_links":{"self":[{"href":"https:\/\/lizardibaserria.com\/es\/wp-json\/wp\/v2\/pages\/2967","targetHints":{"allow":["GET"]}}],"collection":[{"href":"https:\/\/lizardibaserria.com\/es\/wp-json\/wp\/v2\/pages"}],"about":[{"href":"https:\/\/lizardibaserria.com\/es\/wp-json\/wp\/v2\/types\/page"}],"author":[{"embeddable":true,"href":"https:\/\/lizardibaserria.com\/es\/wp-json\/wp\/v2\/users\/1"}],"replies":[{"embeddable":true,"href":"https:\/\/lizardibaserria.com\/es\/wp-json\/wp\/v2\/comments?post=2967"}],"version-history":[{"count":4,"href":"https:\/\/lizardibaserria.com\/es\/wp-json\/wp\/v2\/pages\/2967\/revisions"}],"predecessor-version":[{"id":3034,"href":"https:\/\/lizardibaserria.com\/es\/wp-json\/wp\/v2\/pages\/2967\/revisions\/3034"}],"wp:attachment":[{"href":"https:\/\/lizardibaserria.com\/es\/wp-json\/wp\/v2\/media?parent=2967"}],"curies":[{"name":"wp","href":"https:\/\/api.w.org\/{rel}","templated":true}]}}